{"id":17,"date":"2023-05-12T16:29:51","date_gmt":"2023-05-12T19:29:51","guid":{"rendered":"https:\/\/nuvemprimus.com.br\/?page_id=17"},"modified":"2024-01-16T13:31:41","modified_gmt":"2024-01-16T16:31:41","slug":"home","status":"publish","type":"page","link":"https:\/\/nuvemprimus.com.br\/","title":{"rendered":"Home"},"content":{"rendered":"<p>[vc_row full_width=&#8221;stretch_row_content&#8221;][vc_column][vc_single_image image=&#8221;44&#8243; alignment=&#8221;center&#8221; css_animation=&#8221;fadeIn&#8221;][vc_empty_space height=&#8221;60&#8243;][\/vc_column][\/vc_row][vc_row css=&#8221;.vc_custom_1662339454807{padding-top: 2% !important;padding-right: 2% !important;padding-bottom: 2% !important;padding-left: 2% !important;}&#8221;][vc_column width=&#8221;1\/2&#8243;][vc_single_image image=&#8221;19&#8243; alignment=&#8221;center&#8221; css_animation=&#8221;fadeInRightBig&#8221;][\/vc_column][vc_column width=&#8221;1\/2&#8243;][vc_empty_space height=&#8221;10&#8243;][vc_column_text css_animation=&#8221;fadeIn&#8221;]<\/p>\n<h1 style=\"text-align: left;\"><span style=\"color: #7a9cbf;\"><b style=\"color: #7a9cbf;\"><span 16px=\"\">A Nuvem Primus \u00e9 a infraestrutura de nuvem completa para seus sistemas.<\/span><\/b><\/span><\/h1>\n<p>[\/vc_column_text][vc_empty_space height=&#8221;20&#8243;][vc_column_text css_animation=&#8221;slideInUp&#8221;]<\/p>\n<h3 style=\"text-align: left;\"><span style=\"color: #363655;\">Com recursos computacionais garantidos e suporte fant\u00e1stico<\/span><\/h3>\n<p>[\/vc_column_text][vc_empty_space height=&#8221;10&#8243;][vc_empty_space height=&#8221;10&#8243;][vc_column_text css_animation=&#8221;fadeIn&#8221;]<\/p>\n<p style=\"text-align: left;\"><span style=\"color: #363655;\"><em>Servidores virtuais em alta disponibilidade, georreplicados, com c\u00f3pias de seguran\u00e7a redundantes e snapshots imut\u00e1veis, monitorados e com atendimento t\u00e9cnico de alto n\u00edvel, dispon\u00edvel 24&#215;7.<\/em><\/span><\/p>\n<p>[\/vc_column_text][vc_empty_space height=&#8221;60&#8243;][\/vc_column][\/vc_row][vc_row][vc_column][vc_empty_space height=&#8221;20&#8243;][\/vc_column][\/vc_row][vc_row][vc_column width=&#8221;1\/3&#8243;][vc_single_image image=&#8221;27&#8243; img_size=&#8221;medium&#8221; alignment=&#8221;center&#8221; css_animation=&#8221;slideInLeft&#8221;][vc_empty_space height=&#8221;40&#8243;][vc_column_text css_animation=&#8221;slideInUp&#8221;]<\/p>\n<h3 style=\"text-align: center;\"><span style=\"color: #363655;\">Redu\u00e7\u00e3o<br \/>\nde Custos<\/span><\/h3>\n<p>[\/vc_column_text][vc_empty_space height=&#8221;40&#8243;][\/vc_column][vc_column width=&#8221;1\/3&#8243;][vc_single_image image=&#8221;29&#8243; img_size=&#8221;medium&#8221; alignment=&#8221;center&#8221; css_animation=&#8221;bottom-to-top&#8221;][vc_empty_space height=&#8221;40&#8243;][vc_column_text css_animation=&#8221;slideInUp&#8221;]<\/p>\n<h3 style=\"text-align: center;\"><span style=\"color: #363655;\">Seguran\u00e7a e Desempenho<\/span><\/h3>\n<p>[\/vc_column_text][vc_empty_space height=&#8221;40&#8243;][\/vc_column][vc_column width=&#8221;1\/3&#8243;][vc_single_image image=&#8221;31&#8243; img_size=&#8221;medium&#8221; alignment=&#8221;center&#8221; css_animation=&#8221;slideInRight&#8221;][vc_empty_space height=&#8221;40&#8243;][vc_column_text css_animation=&#8221;slideInUp&#8221;]<\/p>\n<h3 style=\"text-align: center;\"><span style=\"color: #363655;\">Foco no seu Core Business<\/span><\/h3>\n<p>[\/vc_column_text][vc_empty_space height=&#8221;40&#8243;][\/vc_column][\/vc_row][vc_row][vc_column][vc_empty_space height=&#8221;20&#8243;]<div class=\"wprt-divider divider-center divider-solid\" style=\"border-top-color:#7a9cbf;\"><\/div><div class=\"clearfix\"><\/div>[vc_empty_space height=&#8221;20&#8243;][\/vc_column][\/vc_row][vc_row][vc_column width=&#8221;1\/2&#8243;][vc_empty_space height=&#8221;40&#8243;][vc_single_image image=&#8221;130&#8243; alignment=&#8221;center&#8221;][vc_empty_space height=&#8221;40&#8243;][\/vc_column][vc_column width=&#8221;1\/2&#8243; css=&#8221;.vc_custom_1705017067961{padding-right: 15% !important;padding-left: 15% !important;}&#8221;][vc_empty_space height=&#8221;150&#8243;][vc_column_text css_animation=&#8221;slideInUp&#8221;]<\/p>\n<h3 style=\"text-align: left;\"><span style=\"color: #363655;\">Os centros de dados est\u00e3o interconectados em alta velocidade, de forma redundante e privada, permitindo a distribui\u00e7\u00e3o geo-redundante de fun\u00e7\u00f5es e servi\u00e7os\u00a0<\/span><\/h3>\n<p>[\/vc_column_text][\/vc_column][\/vc_row][vc_row][vc_column][vc_empty_space height=&#8221;20&#8243;][\/vc_column][\/vc_row][vc_row][vc_column][vc_empty_space height=&#8221;20&#8243;]<div class=\"wprt-divider divider-center divider-solid\" style=\"border-top-color:#7a9cbf;\"><\/div><div class=\"clearfix\"><\/div>[vc_empty_space height=&#8221;20&#8243;][\/vc_column][\/vc_row][vc_row css=&#8221;.vc_custom_1663091206085{padding-top: 1% !important;padding-right: 1% !important;padding-bottom: 1% !important;padding-left: 1% !important;}&#8221;][vc_column width=&#8221;1\/5&#8243;][\/vc_column][vc_column width=&#8221;1\/5&#8243; css=&#8221;.vc_custom_1663091623648{margin-top: 4% !important;margin-right: 4% !important;margin-bottom: 4% !important;margin-left: 4% !important;border-radius: 35px !important;}&#8221;]<div class=\"wprt-counter clearfix no-icon text-center\"><div class=\"number-wrap font-heading\" style=\"color:#7a9cbf;font-weight:800;font-size:70px;font-family:Montserrat;\"><span class=\"prefix \" style=\"\">+<\/span><span class=\"number \" data-speed=\"5000\" data-from=\"0\" data-to=\"600\"> 600<\/span><span class=\"suffix \" style=\"\"><\/span><\/div><h4 class=\"heading\" style=\"color:#363655;\">\r\n\t\tSERVIDORES\r\n\t<\/h4><\/div>[\/vc_column][vc_column width=&#8221;1\/5&#8243; css=&#8221;.vc_custom_1663091694697{margin-top: 4% !important;margin-right: 4% !important;margin-bottom: 4% !important;margin-left: 4% !important;border-radius: 35px !important;}&#8221;]<div class=\"wprt-counter clearfix no-icon text-center\"><div class=\"number-wrap font-heading\" style=\"color:#7a9cbf;font-weight:800;font-size:70px;font-family:Montserrat;\"><span class=\"prefix \" style=\"\">+<\/span><span class=\"number \" data-speed=\"5000\" data-from=\"0\" data-to=\"21\"> 21<\/span><span class=\"suffix \" style=\"\"><\/span><\/div><h4 class=\"heading\" style=\"color:#363655;\">\r\n\t\tANOS\r\n\t<\/h4><\/div>[\/vc_column][vc_column width=&#8221;1\/5&#8243; css=&#8221;.vc_custom_1663091700151{margin-top: 4% !important;margin-right: 4% !important;margin-bottom: 4% !important;margin-left: 4% !important;border-radius: 35px !important;}&#8221;]<div class=\"wprt-counter clearfix no-icon text-center\"><div class=\"number-wrap font-heading\" style=\"color:#7a9cbf;font-weight:800;font-size:70px;font-family:Montserrat;\"><span class=\"prefix \" style=\"\"><\/span><span class=\"number \" data-speed=\"5000\" data-from=\"0\" data-to=\"3\"> 3<\/span><span class=\"suffix \" style=\"\"><\/span><\/div><h4 class=\"heading\" style=\"color:#363655;\">\r\n\t\tDATACENTERS\r\n\t<\/h4><\/div>[\/vc_column][vc_column width=&#8221;1\/5&#8243;][\/vc_column][\/vc_row][vc_row][vc_column][vc_empty_space height=&#8221;20&#8243;]<div class=\"wprt-divider divider-center divider-solid\" style=\"border-top-color:#7a9cbf;\"><\/div><div class=\"clearfix\"><\/div>[vc_empty_space height=&#8221;20&#8243;][vc_empty_space height=&#8221;20&#8243;][vc_empty_space height=&#8221;20&#8243;][\/vc_column][\/vc_row][vc_row css=&#8221;.vc_custom_1663092754965{border-radius: 35px !important;}&#8221;][vc_column width=&#8221;1\/6&#8243;][\/vc_column][vc_column width=&#8221;2\/3&#8243; css=&#8221;.vc_custom_1663092762533{background-color: #7a9cbf !important;border-radius: 25px !important;}&#8221;][vc_video link=&#8221;https:\/\/youtu.be\/0g7AE9suFHo&#8221; align=&#8221;center&#8221; css_animation=&#8221;slideInUp&#8221; css=&#8221;.vc_custom_1663092930408{padding-top: 1% !important;padding-right: 1% !important;padding-bottom: 1% !important;padding-left: 1% !important;}&#8221;][\/vc_column][vc_column width=&#8221;1\/6&#8243;][\/vc_column][\/vc_row][vc_row][vc_column][vc_empty_space height=&#8221;20&#8243;][vc_empty_space height=&#8221;20&#8243;][vc_empty_space height=&#8221;20&#8243;][\/vc_column][\/vc_row][vc_row][vc_column][vc_empty_space height=&#8221;60&#8243;][vc_empty_space height=&#8221;60&#8243;][vc_column_text]<\/p>\n<h1 class=\"heading clearfix\" style=\"text-align: center;\"><span style=\"color: #7a9cbf;\"><strong>DEPOIMENTOS<\/strong><\/span><\/h1>\n<p>[\/vc_column_text][vc_column_text]<\/p>\n<h4 class=\"heading clearfix\" style=\"text-align: center;\"><span style=\"color: #363655;\"><em>Quem aprova as solu\u00e7\u00f5es Primus:<\/em><\/span><\/h4>\n<p>[\/vc_column_text][vc_empty_space height=&#8221;60&#8243;][\/vc_column][\/vc_row][vc_row][vc_column width=&#8221;1\/2&#8243;]<div class=\"wprt-testimonials clearfix image-circle\">\r\n        <div class=\"item\" style=\"padding-top:55px;\">\r\n            <div class=\"inner\"><div class=\"thumb\" style=\"width:110px; height:110px;margin-left:-55px;margin-top:-55px;\"><\/div> <blockquote class=\"text\" style=\"font-style:normal;background-color: #f6f6f6;font-weight:400;color: #a5a5a5;font-size:15px;font-family:Montserrat;\">\r\n\t<div class=\"quote-text\">Est\u00e1vamos procurando um data center que pudesse atender as exig\u00eancias da Zero-Defect. Por trabalharmos a \u00e1rea de QA esse data center deveria ter uma disponibilidade extremamente alta e que tivesse uma equipe de seguran\u00e7a pr\u00f3- ativa. A Primus respondeu de forma exemplar a nossa expectativa, e hoje conseguimos escalar as nossas necessidades. O interessante \u00e9 que o equipe da Primus consegue entender de forma clara a tua necessidade sem tu precisares dar uma explica\u00e7\u00e3o longa. \u00c9 o que chamamos de um verdadeiro parceiro de infraestrutura. Hoje o sucesso de entregas feitas pela Zero-Defect tem como pano de fundo o data center da Primus.\u201d<\/div><div class=\"name-pos\" style=\"\"><h6 class=\"name \" style=\"color: #363655;font-weight:500;font-size:18px;\">Rafael Krug Marques<\/h6> <span class=\"position\" style=\"padding-left: 5px;font-family:Montserrat;\">Diretor, Zero-Defect Test House<\/span><\/div>\r\n\t<\/blockquote><\/div>\r\n        <\/div>\r\n    <\/div>[\/vc_column][vc_column width=&#8221;1\/2&#8243;]<div class=\"wprt-testimonials clearfix image-circle\">\r\n        <div class=\"item\" style=\"padding-top:55px;\">\r\n            <div class=\"inner\"><div class=\"thumb\" style=\"width:110px; height:110px;margin-left:-55px;margin-top:-55px;\"><\/div> <blockquote class=\"text\" style=\"font-style:normal;background-color: #f6f6f6;font-weight:400;color: #a5a5a5;font-size:15px;font-family:Montserrat;\">\r\n\t<div class=\"quote-text\">\u201cIniciamos nossa parceria com a Primus para hospedagem do nosso ERP principal, nossa maior dor com o data center prestador de servi\u00e7os anterior para nossa institui\u00e7\u00e3o tratava-se do suporte t\u00e9cnico nos aspectos de disponibilidade e agilidade. Fomos surpreendidos com um atendimento \u00e1gil e de f\u00e1cil comunica\u00e7\u00e3o, onde consigo acesso direto aos analistas e\/ou coordenadores para acompanhar demandas t\u00e9cnicas. Ap\u00f3s essa experiencia positiva ampliamos nosso portf\u00f3lio de servi\u00e7os junto a Primus, que hoje hospeda 80% dos nossos servi\u00e7os. Destaco e refor\u00e7o o atendimento personalizado ao cliente, que para opera\u00e7\u00e3o de T.I \u00e9 extremamente importante em momentos cr\u00edticos.\u201d<\/div><div class=\"name-pos\" style=\"\"><h6 class=\"name \" style=\"color: #363655;font-weight:500;font-size:18px;\">C\u00e1ssio de Oliveira<\/h6> <span class=\"position\" style=\"padding-left: 5px;font-family:Montserrat;\">Gerente de TI, IPOG<\/span><\/div>\r\n\t<\/blockquote><\/div>\r\n        <\/div>\r\n    <\/div>[\/vc_column][\/vc_row][vc_row][vc_column width=&#8221;1\/2&#8243;]<div class=\"wprt-testimonials clearfix image-circle\">\r\n        <div class=\"item\" style=\"padding-top:55px;\">\r\n            <div class=\"inner\"><div class=\"thumb\" style=\"width:110px; height:110px;margin-left:-55px;margin-top:-55px;\"><\/div> <blockquote class=\"text\" style=\"font-style:normal;background-color: #f6f6f6;font-weight:400;color: #a5a5a5;font-size:15px;font-family:Montserrat;\">\r\n\t<div class=\"quote-text\">\u201cA Primus agregou muito a nossa estrutura de TI, por sermos uma empresa no ramo da \u00e1rea de sa\u00fade e atendermos hospitais, t\u00ednhamos a necessidade de termos um servi\u00e7o com alta disponibilidade al\u00e9m de um suporte onde tiv\u00e9ssemos retorno r\u00e1pido e efetivo, a Primus nos atendeu em todos os quesitos e agregou outros que n\u00e3o t\u00ednhamos.<br \/>\nAl\u00e9m da estrutura ser altamente qualificada, sua equipe num todo \u00e9 muito competente. Criamos um vinculo que vai al\u00e9m de cliente x fornecedor, temos uma confian\u00e7a que nos garante a tranquilidade que nosso servi\u00e7o estar\u00e1 sempre ativo.\u201d<\/div><div class=\"name-pos\" style=\"\"><h6 class=\"name \" style=\"color: #363655;font-weight:500;font-size:18px;\">Leonardo Dominguez<\/h6> <span class=\"position\" style=\"padding-left: 5px;font-family:Montserrat;\">Gerente de TI, Grupo Exame<\/span><\/div>\r\n\t<\/blockquote><\/div>\r\n        <\/div>\r\n    <\/div>[\/vc_column][vc_column width=&#8221;1\/2&#8243;]<div class=\"wprt-testimonials clearfix image-circle\">\r\n        <div class=\"item\" style=\"padding-top:55px;\">\r\n            <div class=\"inner\"><div class=\"thumb\" style=\"width:110px; height:110px;margin-left:-55px;margin-top:-55px;\"><\/div> <blockquote class=\"text\" style=\"font-style:normal;background-color: #f6f6f6;font-weight:400;color: #a5a5a5;font-size:15px;font-family:Montserrat;\">\r\n\t<div class=\"quote-text\">O conhecimento t\u00e9cnico e estrutura f\u00edsica da PRIMUS agregaram alt\u00edssimo valor em nossas solu\u00e7\u00f5es. Estamos entregando mais e melhor aos nossos clientes. Um servi\u00e7o cont\u00ednuo e garantido, de alt\u00edssima disponibilidade. A parceria e a cumplicidade da PRIMUS, a adaptabilidade e customiza\u00e7\u00e3o do que nos fornecem, n\u00e3o encontramos em nenhum outro fornecedor. \u201c<\/div><div class=\"name-pos\" style=\"\"><h6 class=\"name \" style=\"color: #363655;font-weight:500;font-size:18px;\">Rafael M. Sebben<\/h6> <span class=\"position\" style=\"padding-left: 5px;font-family:Montserrat;\">Diretor de Mercado, GOVBR<\/span><\/div>\r\n\t<\/blockquote><\/div>\r\n        <\/div>\r\n    <\/div>[\/vc_column][\/vc_row][vc_row][vc_column][vc_empty_space height=&#8221;60&#8243;][vc_empty_space height=&#8221;60&#8243;][\/vc_column][\/vc_row][vc_row][vc_column][vc_column_text]<\/p>\n<h1 class=\"heading clearfix\" style=\"text-align: center;\"><span style=\"color: #7a9cbf;\"><strong>PARCEIROS E FORNECEDORES<\/strong><\/span><\/h1>\n<p>[\/vc_column_text][vc_empty_space height=&#8221;60&#8243;][vc_empty_space height=&#8221;60&#8243;][\/vc_column][\/vc_row][vc_row][vc_column width=&#8221;1\/4&#8243;][vc_single_image image=&#8221;58&#8243; img_size=&#8221;medium&#8221; alignment=&#8221;center&#8221; css_animation=&#8221;fadeIn&#8221;][vc_empty_space height=&#8221;60&#8243;][\/vc_column][vc_column width=&#8221;1\/4&#8243;][vc_single_image image=&#8221;53&#8243; img_size=&#8221;medium&#8221; alignment=&#8221;center&#8221; css_animation=&#8221;fadeIn&#8221;][vc_empty_space height=&#8221;60&#8243;][\/vc_column][vc_column width=&#8221;1\/4&#8243;][vc_single_image image=&#8221;142&#8243; img_size=&#8221;medium&#8221; alignment=&#8221;center&#8221; css_animation=&#8221;fadeIn&#8221;][vc_empty_space height=&#8221;60&#8243;][\/vc_column][vc_column width=&#8221;1\/4&#8243;][vc_single_image image=&#8221;189&#8243; img_size=&#8221;medium&#8221; alignment=&#8221;center&#8221; css_animation=&#8221;fadeIn&#8221;][vc_empty_space height=&#8221;60&#8243;][\/vc_column][\/vc_row][vc_row][vc_column width=&#8221;1\/4&#8243;][vc_single_image image=&#8221;54&#8243; img_size=&#8221;medium&#8221; alignment=&#8221;center&#8221; css_animation=&#8221;fadeIn&#8221;][vc_empty_space height=&#8221;60&#8243;][\/vc_column][vc_column width=&#8221;1\/4&#8243;][vc_single_image image=&#8221;50&#8243; img_size=&#8221;medium&#8221; alignment=&#8221;center&#8221; css_animation=&#8221;fadeIn&#8221;][vc_empty_space height=&#8221;60&#8243;][\/vc_column][vc_column width=&#8221;1\/4&#8243;][vc_single_image image=&#8221;144&#8243; img_size=&#8221;medium&#8221; alignment=&#8221;center&#8221; css_animation=&#8221;fadeIn&#8221;][vc_empty_space height=&#8221;60&#8243;][\/vc_column][vc_column width=&#8221;1\/4&#8243;][vc_single_image image=&#8221;181&#8243; img_size=&#8221;medium&#8221; alignment=&#8221;center&#8221; css_animation=&#8221;fadeIn&#8221;][vc_empty_space height=&#8221;60&#8243;][\/vc_column][\/vc_row][vc_row][vc_column][vc_empty_space height=&#8221;60&#8243;][vc_empty_space height=&#8221;60&#8243;][\/vc_column][\/vc_row]<\/p>\n","protected":false},"excerpt":{"rendered":"<p>[vc_row full_width=&#8221;stretch_row_content&#8221;][vc_column][vc_single_image image=&#8221;44&#8243; alignment=&#8221;center&#8221; css_animation=&#8221;fadeIn&#8221;][vc_empty_space height=&#8221;60&#8243;][\/vc_column][\/vc_row][vc_row css=&#8221;.vc_custom_1662339454807{padding-top: 2% !important;padding-right: 2% !important;padding-bottom: 2% !important;padding-left: 2% !important;}&#8221;][vc_column width=&#8221;1\/2&#8243;][vc_single_image image=&#8221;19&#8243; alignment=&#8221;center&#8221; css_animation=&#8221;fadeInRightBig&#8221;][\/vc_column][vc_column width=&#8221;1\/2&#8243;][vc_empty_space height=&#8221;10&#8243;][vc_column_text css_animation=&#8221;fadeIn&#8221;] A Nuvem Primus \u00e9 a infraestrutura de nuvem completa para seus sistemas. [\/vc_column_text][vc_empty_space height=&#8221;20&#8243;][vc_column_text css_animation=&#8221;slideInUp&#8221;] Com recursos computacionais garantidos e suporte fant\u00e1stico [\/vc_column_text][vc_empty_space height=&#8221;10&#8243;][vc_empty_space&hellip;<\/p>\n","protected":false},"author":1,"featured_media":0,"parent":0,"menu_order":0,"comment_status":"closed","ping_status":"closed","template":"","meta":{"footnotes":""},"class_list":["post-17","page","type-page","status-publish","hentry","last"],"_links":{"self":[{"href":"https:\/\/nuvemprimus.com.br\/index.php?rest_route=\/wp\/v2\/pages\/17","targetHints":{"allow":["GET"]}}],"collection":[{"href":"https:\/\/nuvemprimus.com.br\/index.php?rest_route=\/wp\/v2\/pages"}],"about":[{"href":"https:\/\/nuvemprimus.com.br\/index.php?rest_route=\/wp\/v2\/types\/page"}],"author":[{"embeddable":true,"href":"https:\/\/nuvemprimus.com.br\/index.php?rest_route=\/wp\/v2\/users\/1"}],"replies":[{"embeddable":true,"href":"https:\/\/nuvemprimus.com.br\/index.php?rest_route=%2Fwp%2Fv2%2Fcomments&post=17"}],"version-history":[{"count":48,"href":"https:\/\/nuvemprimus.com.br\/index.php?rest_route=\/wp\/v2\/pages\/17\/revisions"}],"predecessor-version":[{"id":212,"href":"https:\/\/nuvemprimus.com.br\/index.php?rest_route=\/wp\/v2\/pages\/17\/revisions\/212"}],"wp:attachment":[{"href":"https:\/\/nuvemprimus.com.br\/index.php?rest_route=%2Fwp%2Fv2%2Fmedia&parent=17"}],"curies":[{"name":"wp","href":"https:\/\/api.w.org\/{rel}","templated":true}]}}