{"id":158,"date":"2024-01-12T08:43:58","date_gmt":"2024-01-12T11:43:58","guid":{"rendered":"https:\/\/nuvemprimus.com.br\/?page_id=158"},"modified":"2024-01-12T08:58:27","modified_gmt":"2024-01-12T11:58:27","slug":"contato","status":"publish","type":"page","link":"https:\/\/nuvemprimus.com.br\/?page_id=158","title":{"rendered":"Contato"},"content":{"rendered":"<p>[vc_row css=&#8221;.vc_custom_1662339454807{padding-top: 2% !important;padding-right: 2% !important;padding-bottom: 2% !important;padding-left: 2% !important;}&#8221;][vc_column width=&#8221;1\/2&#8243; css=&#8221;.vc_custom_1705060642745{padding-right: 23% !important;padding-left: 23% !important;}&#8221;][vc_column_text css_animation=&#8221;slideInUp&#8221;]<\/p>\n<p style=\"font-size: 30pt;\"><strong><span style=\"color: #323958;\">Fale Conosco:<\/span><\/strong><\/p>\n<p>[\/vc_column_text]\r\n\t<div class=\"wprt-spacer clearfix\" data-desktop=\"20\" data-mobi=\"0\" data-smobi=\"0\"><\/div>[vc_column_text css_animation=&#8221;slideInUp&#8221;]<\/p>\n<p style=\"font-size: 16pt;\"><span style=\"color: #323958;\">A\u00a0<strong>PRIMUS<\/strong>\u00a0est\u00e1 sempre \u00e0 sua disposi\u00e7\u00e3o para fornecer mais informa\u00e7\u00f5es e esclarecer suas d\u00favidas. Entre em contato conosco, que nossa equipe prontamente ir\u00e1 atend\u00ea-lo.<\/span><\/p>\n<p>[\/vc_column_text][\/vc_column][vc_column width=&#8221;1\/2&#8243;][vc_column_text css_animation=&#8221;slideInUp&#8221;]<\/p>\n<p style=\"font-size: 15pt;\"><span>Contato e WhatsApp:<\/span><br \/>\n[\/vc_column_text][vc_column_text css_animation=&#8221;slideInUp&#8221;]<\/p>\n<p style=\"font-size: 20pt;\"><span><strong>0800 606 8184<\/strong><\/span><\/p>\n<p>[\/vc_column_text]\r\n\t<div class=\"wprt-spacer clearfix\" data-desktop=\"12\" data-mobi=\"0\" data-smobi=\"0\"><\/div><div class=\"wprt-divider divider-center divider-solid\" style=\"border-top-color:#7a9cbf;\"><\/div><div class=\"clearfix\"><\/div>\r\n\t<div class=\"wprt-spacer clearfix\" data-desktop=\"12\" data-mobi=\"0\" data-smobi=\"0\"><\/div>[vc_empty_space height=&#8221;20&#8243;][vc_column_text css_animation=&#8221;slideInUp&#8221;]<\/p>\n<p style=\"font-size: 15pt;\"><span>Edere\u00e7o:<\/span><br \/>\n<strong>R.Olinda, 140 &#8211; S\u00e3o Geraldo, Porto Alegre &#8211; RS, 90250-570<\/strong><\/p>\n<p>&nbsp;<\/p>\n<p>[\/vc_column_text]<div class=\"wprt-divider divider-center divider-solid\" style=\"border-top-color:#7a9cbf;\"><\/div><div class=\"clearfix\"><\/div>[vc_empty_space height=&#8221;20&#8243;][vc_column_text css_animation=&#8221;slideInUp&#8221;]<\/p>\n<p style=\"font-size: 15pt;\"><span>E-mail:<\/span><br \/>\n<strong>ouvidoria@nuvemprimus.com.br<br \/>\ncomercial@nuvemprimus.com.br<\/strong><\/p>\n<p>[\/vc_column_text][vc_empty_space height=&#8221;20&#8243;][\/vc_column][\/vc_row][vc_row][vc_column][vc_empty_space height=&#8221;60&#8243;][\/vc_column][\/vc_row][vc_row][vc_column][\/vc_column][\/vc_row]<\/p>\n","protected":false},"excerpt":{"rendered":"<p>[vc_row css=&#8221;.vc_custom_1662339454807{padding-top: 2% !important;padding-right: 2% !important;padding-bottom: 2% !important;padding-left: 2% !important;}&#8221;][vc_column width=&#8221;1\/2&#8243; css=&#8221;.vc_custom_1705060642745{padding-right: 23% !important;padding-left: 23% !important;}&#8221;][vc_column_text css_animation=&#8221;slideInUp&#8221;] Fale Conosco: [\/vc_column_text][vc_column_text css_animation=&#8221;slideInUp&#8221;] A\u00a0PRIMUS\u00a0est\u00e1 sempre \u00e0 sua disposi\u00e7\u00e3o para fornecer mais informa\u00e7\u00f5es e esclarecer suas d\u00favidas. Entre em contato conosco, que nossa equipe prontamente ir\u00e1 atend\u00ea-lo. [\/vc_column_text][\/vc_column][vc_column width=&#8221;1\/2&#8243;][vc_column_text&hellip;<\/p>\n","protected":false},"author":1,"featured_media":0,"parent":0,"menu_order":0,"comment_status":"closed","ping_status":"closed","template":"","meta":{"footnotes":""},"class_list":["post-158","page","type-page","status-publish","hentry","last"],"_links":{"self":[{"href":"https:\/\/nuvemprimus.com.br\/index.php?rest_route=\/wp\/v2\/pages\/158","targetHints":{"allow":["GET"]}}],"collection":[{"href":"https:\/\/nuvemprimus.com.br\/index.php?rest_route=\/wp\/v2\/pages"}],"about":[{"href":"https:\/\/nuvemprimus.com.br\/index.php?rest_route=\/wp\/v2\/types\/page"}],"author":[{"embeddable":true,"href":"https:\/\/nuvemprimus.com.br\/index.php?rest_route=\/wp\/v2\/users\/1"}],"replies":[{"embeddable":true,"href":"https:\/\/nuvemprimus.com.br\/index.php?rest_route=%2Fwp%2Fv2%2Fcomments&post=158"}],"version-history":[{"count":17,"href":"https:\/\/nuvemprimus.com.br\/index.php?rest_route=\/wp\/v2\/pages\/158\/revisions"}],"predecessor-version":[{"id":160,"href":"https:\/\/nuvemprimus.com.br\/index.php?rest_route=\/wp\/v2\/pages\/158\/revisions\/160"}],"wp:attachment":[{"href":"https:\/\/nuvemprimus.com.br\/index.php?rest_route=%2Fwp%2Fv2%2Fmedia&parent=158"}],"curies":[{"name":"wp","href":"https:\/\/api.w.org\/{rel}","templated":true}]}}